{"id":1316,"date":"2012-01-10T17:28:22","date_gmt":"2012-01-10T17:28:22","guid":{"rendered":"http:\/\/www.geotesc.com.br\/site\/?page_id=1316"},"modified":"2015-08-13T20:56:09","modified_gmt":"2015-08-13T20:56:09","slug":"diferenciais","status":"publish","type":"page","link":"https:\/\/www.geotesc.com.br\/site\/diferenciais\/","title":{"rendered":"Diferenciais competitivos"},"content":{"rendered":"<div class=\"info_box info_box1 rounded\">\n<div class=\"content_box\">\n<ul class=\"img-list ico-arrow\">\n<li>\n<p>Atua\u00e7\u00e3o em todo o territ\u00f3rio nacional atrav\u00e9s de log\u00edstica pr\u00f3pria que garante agilidade necess\u00e1ria do atendimento do cliente;<\/p>\n<\/li>\n<\/ul>\n<\/div>\n<\/div>\n<p>&nbsp;<\/p>\n<div class=\"info_box info_box1 rounded\">\n<div class=\"content_box\">\n<ul class=\"img-list ico-arrow\">\n<li>\n<p>Corpo t\u00e9cnico pr\u00f3prio contempla projetos e execu\u00e7\u00e3o de obras, com larga experi\u00eancia obtida em mais de oito mil obras executadas;<\/p>\n<\/li>\n<\/ul>\n<\/div>\n<\/div>\n<p>&nbsp;<\/p>\n<div class=\"info_box info_box1 rounded\">\n<div class=\"content_box\">\n<ul class=\"img-list ico-arrow\">\n<li>\n<p>Empresa com o maior n\u00famero de equipamentos pr\u00f3prios dispon\u00edvel no mercado nacional;<\/p>\n<\/li>\n<\/ul>\n<\/div>\n<\/div>\n<div style=\"margin-top: 24px; height: 205px;\">\n<div class=\"doubleborder\" style=\"float: left; margin-left: 0px;\"><img loading=\"lazy\" class=\"imgborder\" title=\"caminhoes_geotesc\" alt=\"\" src=\"http:\/\/www.geotesc.com.br\/site\/wp-content\/uploads\/2012\/01\/caminhoes_ceu.jpg\" width=\"217\" height=\"180\" \/><\/div>\n<div dir=\"ltr\" style=\"margin-left: 20px; float: left; text-align: justify; width: 617px;\">Com equipamentos profissionais para estacas de H\u00e9lice Cont\u00ednua Monitorada, proporcionamos aos nossos clientes solu\u00e7\u00f5es inovadoras no ramo de funda\u00e7\u00f5es profundas, al\u00e9m de gerar in\u00fameros benef\u00edcios ao processo de perfura\u00e7\u00e3o como o aumento da produtividade, a redu\u00e7\u00e3o de vibra\u00e7\u00f5es, baixa emiss\u00e3o de ru\u00eddos e alta capacidade de carga. Tudo isso por um pre\u00e7o competitivo.<\/div>\n<p>&nbsp;<\/p>\n<p dir=\"ltr\" style=\"text-align: justify; float: left; margin-left: 20px;\"><a href=\"http:\/\/www.geotesc.com.br\/site\/fale-conosco\/\">Solicite um or\u00e7amento.<br \/>\n<\/a><\/p>\n<\/div>\n<div class=\"doubleborder\"><img loading=\"lazy\" class=\"imgborder aligncenter\" title=\"sede_geotesc\" alt=\"\" src=\"http:\/\/www.geotesc.com.br\/site\/wp-content\/uploads\/2012\/01\/sede_geotesc.jpg\" width=\"858\" height=\"191\" \/><\/div>\n","protected":false},"excerpt":{"rendered":"<p>&nbsp; &nbsp; Com equipamentos profissionais para estacas de H\u00e9lice Cont\u00ednua Monitorada, proporcionamos aos nossos clientes solu\u00e7\u00f5es inovadoras no ramo de funda\u00e7\u00f5es profundas, al\u00e9m de gerar in\u00fameros benef\u00edcios ao processo de perfura\u00e7\u00e3o como o aumento da produtividade, a redu\u00e7\u00e3o de vibra\u00e7\u00f5es, baixa emiss\u00e3o de ru\u00eddos e alta capacidade de carga. Tudo isso por um pre\u00e7o competitivo. &nbsp; Solicite um or\u00e7amento.<\/p>\n","protected":false},"author":1,"featured_media":0,"parent":0,"menu_order":0,"comment_status":"open","ping_status":"open","template":"","meta":[],"_links":{"self":[{"href":"https:\/\/www.geotesc.com.br\/site\/wp-json\/wp\/v2\/pages\/1316"}],"collection":[{"href":"https:\/\/www.geotesc.com.br\/site\/wp-json\/wp\/v2\/pages"}],"about":[{"href":"https:\/\/www.geotesc.com.br\/site\/wp-json\/wp\/v2\/types\/page"}],"author":[{"embeddable":true,"href":"https:\/\/www.geotesc.com.br\/site\/wp-json\/wp\/v2\/users\/1"}],"replies":[{"embeddable":true,"href":"https:\/\/www.geotesc.com.br\/site\/wp-json\/wp\/v2\/comments?post=1316"}],"version-history":[{"count":99,"href":"https:\/\/www.geotesc.com.br\/site\/wp-json\/wp\/v2\/pages\/1316\/revisions"}],"predecessor-version":[{"id":3923,"href":"https:\/\/www.geotesc.com.br\/site\/wp-json\/wp\/v2\/pages\/1316\/revisions\/3923"}],"wp:attachment":[{"href":"https:\/\/www.geotesc.com.br\/site\/wp-json\/wp\/v2\/media?parent=1316"}],"curies":[{"name":"wp","href":"https:\/\/api.w.org\/{rel}","templated":true}]}}