{"id":5,"date":"2012-07-02T14:42:34","date_gmt":"2012-07-02T14:42:34","guid":{"rendered":"http:\/\/e404themes.com\/spicy\/?page_id=5"},"modified":"2012-07-02T17:43:56","modified_gmt":"2012-07-02T17:43:56","slug":"home","status":"publish","type":"page","link":"https:\/\/www.geotesc.com.br\/site\/","title":{"rendered":"Home"},"content":{"rendered":"<div class=\"one_third\">\n<div class=\"homebox\"><a class=\"thumb\" href=\"http:\/\/www.geotesc.com.br\/site\/diferenciais\/\"><span><img src=\"thumb3.png\" alt=\"\" \/><\/span><\/a><\/div>\n<p><a href=\"http:\/\/www.geotesc.com.br\/site\/diferenciais\/\"><\/p>\n<h2>H\u00e9lices Computadorizadas<\/h2>\n<p><\/a><\/p>\n<p style=\"text-align: justify;\">A Geotesc oferece o que h\u00e1 de melhor em quest\u00f5es de execu\u00e7\u00e3o de servi\u00e7os de funda\u00e7\u00f5es para estacas do tipo H\u00e9lice Continua Monitorada por Computador, o que \u00e9 nossa\u00a0especialidade.<\/p>\n<\/div>\n<div class=\"one_third\">\n<div class=\"homebox\"><a class=\"thumb\" href=\"http:\/\/www.geotesc.com.br\/site\/processo-de-execucao\/\"><span><img src=\"thumb1.png\" alt=\"\" \/><\/span><\/a><\/div>\n<p><a href=\"http:\/\/www.geotesc.com.br\/site\/processo-de-execucao\/\"><\/p>\n<h2>Atendimento ao Cliente<\/h2>\n<p><\/a><\/p>\n<p style=\"text-align: justify;\">Dimensionamento, identifica\u00e7\u00e3o dos recursos, elabora\u00e7\u00e3o de proposta t\u00e9cnica e comercial, aprova\u00e7\u00e3o do cliente, programa\u00e7\u00e3o, execu\u00e7\u00e3o, medi\u00e7\u00e3o dos servi\u00e7os executados, libera\u00e7\u00e3o da medi\u00e7\u00e3o e faturamento.<\/p>\n<\/div>\n<div class=\"one_third last\">\n<div class=\"homebox\"><a class=\"thumb\" href=\"http:\/\/www.geotesc.com.br\/site\/conheca-a-geotesc\/\"><span><img src=\"thumb2.png\" alt=\"\" \/><\/span><\/a><\/div>\n<p><a href=\"http:\/\/www.geotesc.com.br\/site\/conheca-a-geotesc\/\"><\/p>\n<h2>Sobre a Empresa<\/h2>\n<p><\/a><\/p>\n<p style=\"text-align: justify;\">A Geotesc \u00e9 uma empresa comprometida com a qualidade, efici\u00eancia e a responsabilidade social. Preza tamb\u00e9m pelos valores \u00e9ticos profissionais no relacionamento com seus clientes, fornecedores e colaboradores.<\/p>\n<\/div>\n<br class=\"clear\" \/>\n","protected":false},"excerpt":{"rendered":"","protected":false},"author":1,"featured_media":0,"parent":0,"menu_order":0,"comment_status":"open","ping_status":"closed","template":"home-page.php","meta":[],"_links":{"self":[{"href":"https:\/\/www.geotesc.com.br\/site\/wp-json\/wp\/v2\/pages\/5"}],"collection":[{"href":"https:\/\/www.geotesc.com.br\/site\/wp-json\/wp\/v2\/pages"}],"about":[{"href":"https:\/\/www.geotesc.com.br\/site\/wp-json\/wp\/v2\/types\/page"}],"author":[{"embeddable":true,"href":"https:\/\/www.geotesc.com.br\/site\/wp-json\/wp\/v2\/users\/1"}],"replies":[{"embeddable":true,"href":"https:\/\/www.geotesc.com.br\/site\/wp-json\/wp\/v2\/comments?post=5"}],"version-history":[{"count":64,"href":"https:\/\/www.geotesc.com.br\/site\/wp-json\/wp\/v2\/pages\/5\/revisions"}],"predecessor-version":[{"id":5150,"href":"https:\/\/www.geotesc.com.br\/site\/wp-json\/wp\/v2\/pages\/5\/revisions\/5150"}],"wp:attachment":[{"href":"https:\/\/www.geotesc.com.br\/site\/wp-json\/wp\/v2\/media?parent=5"}],"curies":[{"name":"wp","href":"https:\/\/api.w.org\/{rel}","templated":true}]}}