{"id":891,"date":"2011-11-21T17:18:14","date_gmt":"2011-11-21T17:18:14","guid":{"rendered":"http:\/\/geotesc.com.br\/?page_id=891"},"modified":"2018-03-20T19:14:47","modified_gmt":"2018-03-20T19:14:47","slug":"clientes","status":"publish","type":"page","link":"https:\/\/www.geotesc.com.br\/site\/clientes\/","title":{"rendered":"Clientes"},"content":{"rendered":"<code><!--more--><\/code>\n<p><a href=\"#A\">A<\/a><a href=\"#B\">B<\/a><a href=\"#C\">C<\/a><a href=\"#D\">D<\/a><a href=\"#E\">E<\/a><a href=\"#F\">F<\/a><a href=\"#G\">G<\/a><a href=\"#H\">H<\/a><a href=\"#I\">I<\/a><a href=\"#J\">J<\/a><a href=\"#K\">K<\/a><a href=\"#L\">L<\/a><a href=\"#M\">M<\/a><a href=\"#N\">N<\/a><a href=\"#O\">O<\/a><a href=\"#P\">P<\/a><a href=\"#R\">R<\/a><a href=\"#S\">S<\/a><a href=\"#T\">T<\/a><a href=\"#U\">U<\/a><a href=\"#V\">V<\/a><a href=\"#W\">W<\/a><\/p>\n<table border=\"true\">\n<thead>\n<tr>\n<th><a name=\"A\"><\/a><\/th>\n<th>A<\/th>\n<th><a style=\"font-size: 10px; float: right; text-decoration: none;\" href=\"#\">Voltar para o topo<\/a><\/th>\n<\/tr>\n<\/thead>\n<tbody>\n<tr>\n<td>a. angeloni cia ltda<\/td>\n<td>add engenharia construtora e incorporadora ltda.<\/td>\n<td>aeroporto congonhas sp.<\/td>\n<\/tr>\n<tr>\n<td>alusa engenharia ltda<\/td>\n<td>Amalfi<\/td>\n<td>arcelor \/ vega do sul<\/td>\n<\/tr>\n<tr>\n<td>archel engenharia<\/td>\n<td>arruda constr. de obras ltda.<\/td>\n<td>athena construcoes ltda.<\/td>\n<\/tr>\n<tr>\n<td>A Schmitt Incorporadora LTDA ME<\/td>\n<td>A. Yoshii &#8211; Fibria<\/td>\n<td>A.R.S. Const. e Inc. LTDA. ME<\/td>\n<\/tr>\n<tr>\n<td>A\u00e7u Construtora e Incorporadora Eireli EPP<\/td>\n<td>Adrians Empree. Imob. LTDA. ME<\/td>\n<td>AFC Construtora LTDA. &#8211; ME<\/td>\n<\/tr>\n<tr>\n<td>Afonso Fran\u00e7a Engenharia e Comercio LTDA.<\/td>\n<td>AFS Const. e Incorp. Eireli<\/td>\n<td>Albatroz Incorp. LTDA.<\/td>\n<\/tr>\n<tr>\n<td>Alfatec Construtora LTDA.<\/td>\n<td>Alta Vista Constr. e Emp. Imob. SPRE LTDA. LTDA.<\/td>\n<td>AltmannLTDA.<\/td>\n<\/tr>\n<tr>\n<td>Amaral Incorporadora LTDA.<\/td>\n<td>Amigos Group LTDA.<\/td>\n<td>Ana Luiza Empreendimentos<\/td>\n<\/tr>\n<tr>\n<td>Arcko<\/td>\n<td>Arlei Humberto Marchiori Eireli<\/td>\n<td>Arqlivre &#8211; Cristiane dos Santos<\/td>\n<\/tr>\n<tr>\n<td>Artefatos de Cimento Raimondi LTDA.<\/td>\n<td>Assoc. Proconstr. do Edif. Barigui Business Center<\/td>\n<td>Assoc. Proconstr. do Edif. Resid. Monaco<\/td>\n<\/tr>\n<\/tbody>\n<thead>\n<tr>\n<th><a name=\"B\"><\/a><\/th>\n<th>B<\/th>\n<th><a style=\"font-size: 10px; float: right; text-decoration: none;\" href=\"#\">Voltar para o topo<\/a><\/th>\n<\/tr>\n<\/thead>\n<tbody>\n<tr>\n<td>bahia pulp s\/a<\/td>\n<td>balneario camboriu shopping part. s\/a 7<\/td>\n<td>beco castelo constr. e incorp. de imoveis ltda.<\/td>\n<\/tr>\n<tr>\n<td>big hipermercado<\/td>\n<td>blumenau norte shopping participacoes s\/a<\/td>\n<td>bmfd &#8211; administracao, empre e participacao ltda<\/td>\n<\/tr>\n<tr>\n<td>BMW<\/td>\n<td>brasfrigo s\/a<\/td>\n<td>braskem s\/a<\/td>\n<\/tr>\n<tr>\n<td>bravacon eng. constr. ltda.<\/td>\n<td>bragagnolo constr. incorp. ltda.<\/td>\n<td>Brest Engenharia<\/td>\n<\/tr>\n<tr>\n<td>\u00a0brookfield incorpora\u00e7\u00f5es<\/td>\n<td>\u00a0Bruvik<\/td>\n<td>\u00a0Benveart Construtora e Incorporadora<\/td>\n<\/tr>\n<tr>\n<td>\u00a0Bascara Investimento Imobili\u00e1rios LTDA<\/td>\n<td>\u00a01\u00ba Igreja Batista de B.C.<\/td>\n<td>Brodasa Im\u00f3veis<\/td>\n<\/tr>\n<tr>\n<td>Benedicta Const. e Inc. LTDA. MELTDA<\/td>\n<td>\u00a0Bora Constru\u00e7\u00e3o Civil LTDA.<\/td>\n<td>\u00a0Bra\u00e7o Forte Const. e Inc. LTDA.<\/td>\n<\/tr>\n<tr>\n<td>Brava Art&#8217;s<\/td>\n<td>\u00a0Brava Ocean SPE LTDA ME<\/td>\n<td>\u00a0Brique Cont. e Inc. de Im\u00f3veis LTDA.<\/td>\n<\/tr>\n<tr>\n<td>Burini Empreendimentos Eireli<\/td>\n<td>Basualdo Construtora e Inc.LTDA.<\/td>\n<\/tr>\n<\/tbody>\n<thead>\n<tr>\n<th><a name=\"C\"><\/a><\/th>\n<th>C<\/th>\n<th><a style=\"font-size: 10px; float: right; text-decoration: none;\" href=\"#\">Voltar para o topo<\/a><\/th>\n<\/tr>\n<\/thead>\n<tbody>\n<tr>\n<td>c.l.n. empree. imobil. ltda.<\/td>\n<td>camilo &amp; ghisi ltda.<\/td>\n<td>camilotti incorp. e constr. ltda.<\/td>\n<\/tr>\n<tr>\n<td>camvel &#8211; cambori\u00fa com. de ve\u00edculos ltda.<\/td>\n<td>capital realty infra-estrutura logistica ltda.<\/td>\n<td>carioca christiani nielsen eng. s\/a<\/td>\n<\/tr>\n<tr>\n<td>carlessi eng. com. e constru\u00e7\u00f5es ltda<\/td>\n<td>casas bahia<\/td>\n<td>casas da agua materiais para constru\u00e7\u00e3o ltda.<\/td>\n<\/tr>\n<tr>\n<td>cassol prefabricados ltda.<\/td>\n<td>cattalini terminais maritimos ltda.<\/td>\n<td>cebrace c4<\/td>\n<\/tr>\n<tr>\n<td>cecpas empreendimentos imobiliarios ltda<\/td>\n<td>Cechinel<\/td>\n<td>cesbe s\/a engenharia e empree.<\/td>\n<\/tr>\n<tr>\n<td>Charrua<\/td>\n<td>chicago eng. constr. e com. ltda.<\/td>\n<td>coneter constr. incorp. ltda<\/td>\n<\/tr>\n<tr>\n<td>consorcio camargo correa \/ mendes junior \/ estacon<\/td>\n<td>consorcio camargo correa \/ promon &#8211; mpe<\/td>\n<td>consorcio ccpr &#8211; repar<\/td>\n<\/tr>\n<tr>\n<td>consorcio etanol<\/td>\n<td>consorcio gasvap<\/td>\n<td>consorcio interpar<\/td>\n<\/tr>\n<tr>\n<td>consorcio itaborai-hdt<\/td>\n<td>consorcio nova via<\/td>\n<td>consorcio oas \/ camargo correa \/ galv\u00e3o<\/td>\n<\/tr>\n<tr>\n<td>consorcio passarelli\/gel &#8211; repar<\/td>\n<td>consorcio pipe rack<\/td>\n<td>consorcio propeno<\/td>\n<\/tr>\n<tr>\n<td>consorcio santa barbara &#8211; mendes junior<\/td>\n<td>consorcio skanska engevix &#8211; repar<\/td>\n<td>constr. e incorp. queiroz mello ltda.<\/td>\n<\/tr>\n<tr>\n<td>constr. e incorp. r. teixeira ltda.<\/td>\n<td>constr. mestra ltda.<\/td>\n<td>constr. richter ltda.<\/td>\n<\/tr>\n<tr>\n<td>constru\u00e7\u00e3o e com. camargo correa s\/a<\/td>\n<td>construcap ccps eng. e com. s\/a<\/td>\n<td>construtora espa\u00e7o aberto ltda.<\/td>\n<\/tr>\n<tr>\n<td>construtora fetz ltda.<\/td>\n<td>construtora leal ltda.<\/td>\n<td>construtora norberto odebrecht s\/a<\/td>\n<\/tr>\n<tr>\n<td>construtora premold<\/td>\n<td>construtora san remo ltda<\/td>\n<td>construtora stein ltda.<\/td>\n<\/tr>\n<tr>\n<td>cooper &#8211; cooper. de prod. e abast. vale itajai<\/td>\n<td>corbetta constr. e empree. imobil. ltda.<\/td>\n<td>ctba construtora de obras ltda.<\/td>\n<\/tr>\n<tr>\n<td>Cyrela<\/td>\n<td>CEG Empreendimentos Imobili\u00e1rios<\/td>\n<td>Cotesa Engenharia LTDA.<\/td>\n<\/tr>\n<tr>\n<td>Carboni Empreend. Imob. LTDA.<\/td>\n<td>Casa Nobre Const. e Inc.<\/td>\n<td>Casagrande<\/td>\n<\/tr>\n<tr>\n<td>Castelo Eng.<\/td>\n<td>Chaminski Emp. Imob.<\/td>\n<td>CHC<\/td>\n<\/tr>\n<tr>\n<td>Clevia Perfoll<\/td>\n<td>Confermati Const. LTDA.<\/td>\n<td>Cons\u00f3lida Engenharia e Assessoria LTDA ME<\/td>\n<\/tr>\n<tr>\n<td>Consorcio Sial<\/td>\n<td>Cristian Schwinden Empree.<\/td>\n<td>Contrans Transportes e Logistica LTDA.<\/td>\n<\/tr>\n<tr>\n<td>Carioca Eireli Construtora e Incorporadora &#8211; ME<\/td>\n<td>Contabilidade Paralello LTDA ME<\/td>\n<td>Construtora e Incorporadora Carioca Eireli &#8211; ME<\/td>\n<\/tr>\n<tr>\n<td>Constr. E Incorp. Gon\u00e7alves Eireli<\/td>\n<\/tr>\n<\/tbody>\n<thead>\n<tr>\n<th><a name=\"D\"><\/a><\/th>\n<th>D<\/th>\n<th><a style=\"font-size: 10px; float: right; text-decoration: none;\" href=\"#\">Voltar para o topo<\/a><\/th>\n<\/tr>\n<\/thead>\n<tbody>\n<tr>\n<td>Daxo Empreend. e Participa\u00e7\u00f5es LTDA.<\/td>\n<td>De Franceschi Empreend. Imob. LTDA<\/td>\n<td>Delavalle Empree. Imob.<\/td>\n<\/tr>\n<tr>\n<td>Desid. Const. e Incop. Eireli<\/td>\n<td>Divezi Incorporadora de Imoveis LTDA.<\/td>\n<td>Dobrachinski Incorp. Imobil. Eireli &#8211; ME<\/td>\n<\/tr>\n<tr>\n<td>Dom Joaquim Incorporadora LTDA ME<\/td>\n<td>DRD Dobrachinski<\/td>\n<td>DSS Adm. Bens LTDA. LTDA ME<\/td>\n<\/tr>\n<tr>\n<td>Data Sul Dellagnelo Constr. e Incorp. Ltda<\/td>\n<td>Din\u00e2mica Constru\u00e7\u00f5es e Incorpora\u00e7\u00f5es LTDA<\/td>\n<td><\/td>\n<\/tr>\n<\/tbody>\n<thead>\n<tr>\n<th><a name=\"E\"><\/a><\/th>\n<th>E<\/th>\n<th><a style=\"font-size: 10px; float: right; text-decoration: none;\" href=\"#\">Voltar para o topo<\/a><\/th>\n<\/tr>\n<\/thead>\n<tbody>\n<tr>\n<td>EBR &#8211; Estaleiros do Brasil<\/td>\n<td>e.r.s. empree. imobil. ltda.<\/td>\n<td>elecnor do brasil ltda.<\/td>\n<\/tr>\n<tr>\n<td>eletrosul<\/td>\n<td>embrainc incorp. ltda.<\/td>\n<td>empresa brasileira de engenharia s\/a<\/td>\n<\/tr>\n<tr>\n<td>empresa construtora ernesto woebcke<\/td>\n<td>empresa construtora sulina ltda.<\/td>\n<td>Encopar<\/td>\n<\/tr>\n<tr>\n<td>engecampo engenharia ltda.<\/td>\n<td>estrametal constru\u00e7\u00f5es ltda.<\/td>\n<td>estrutura empree. e imobil. ltda.<\/td>\n<\/tr>\n<tr>\n<td>Etanol<\/td>\n<td>ERS Empreendimentos Imobili\u00e1rios ltda.<\/td>\n<td>7 Engenharia e Constr. Eireli &#8211; ME<\/td>\n<\/tr>\n<tr>\n<td>Ed. Comercial &#8211; Gold Business BC Empreend. Imob. SPE<\/td>\n<td>Eduardo Marques Brand\u00e3o Filho &#8211; 4B Odontologia LTDA.<\/td>\n<td>EGC Construtora e Incorporadora LTDA ME<\/td>\n<\/tr>\n<tr>\n<td>Empreiteira Fortunato LTDA.<\/td>\n<td>Enily Bernardo Vieira &#8211; Eireli<\/td>\n<td>Esplendida Eireli Construtora ME<\/td>\n<\/tr>\n<\/tbody>\n<thead>\n<tr>\n<th><a name=\"F\"><\/a><\/th>\n<th>F<\/th>\n<th><a style=\"font-size: 10px; float: right; text-decoration: none;\" href=\"#\">Voltar para o topo<\/a><\/th>\n<\/tr>\n<\/thead>\n<tbody>\n<tr>\n<td>federa\u00e7\u00e3o catarinense de futebol<\/td>\n<td>femepe ind. e com. pescados s\/a<\/td>\n<td>first incorp. e constr. ltda.<\/td>\n<\/tr>\n<tr>\n<td>fjs habitat construtora ltda.<\/td>\n<td>fmm engenharia ltda.<\/td>\n<td>fosfertil &#8211; pr<\/td>\n<\/tr>\n<tr>\n<td>F. Vieira Construtora e Inc. LTDA.<\/td>\n<td>Fabian Jos\u00e9 Schwinden (Ouro Constru\u00e7\u00f5es)<\/td>\n<td>F\u00e1bio Emmerenciano<\/td>\n<\/tr>\n<tr>\n<td>Ferplan Const. e Inc. LTDA.<\/td>\n<td>Fibria<\/td>\n<td>FJA Const. Eireli EPP<\/td>\n<\/tr>\n<tr>\n<td>Fortalleza Engclin Ltda.<\/td>\n<td>Fortcon Const. e Inc. LTDA.<\/td>\n<td>Fraga Pisos Industriais<\/td>\n<\/tr>\n<\/tbody>\n<thead>\n<tr>\n<th><a name=\"G\"><\/a><\/th>\n<th>G<\/th>\n<th><a style=\"font-size: 10px; float: right; text-decoration: none;\" href=\"#\">Voltar para o topo<\/a><\/th>\n<\/tr>\n<\/thead>\n<tbody>\n<tr>\n<td>gafisa s\/a<\/td>\n<td>Garra Empreendimentos<\/td>\n<td>gdc alimentos s\/a<\/td>\n<\/tr>\n<tr>\n<td>Gea<\/td>\n<td>golemba&#8217;s incorp. constr. ltda.<\/td>\n<td>grupo schahin<\/td>\n<\/tr>\n<tr>\n<td>Garcia Incorporadora<\/td>\n<td>GATE<\/td>\n<td>Gessele Empreendimentos Imobili\u00e1rios Eireli EPP<\/td>\n<\/tr>\n<tr>\n<td>GLT Const. e Incorporadora<\/td>\n<td>Gold Incorporadora Eireli ME<\/td>\n<td>GPC Empreendimentos Eireli ME<\/td>\n<\/tr>\n<tr>\n<td>Grupo H Empreendimentos Eireli<\/td>\n<td>Guindastes Blumenau<\/td>\n<\/tr>\n<\/tbody>\n<thead>\n<tr>\n<th><a name=\"H\"><\/a><\/th>\n<th>H<\/th>\n<th><a style=\"font-size: 10px; float: right; text-decoration: none;\" href=\"#\">Voltar para o topo<\/a><\/th>\n<\/tr>\n<\/thead>\n<tbody>\n<tr>\n<td>h. pio constr. incorp. ltda.<\/td>\n<td>haacke empree. imobil. ltda.<\/td>\n<td>havan lojas de departamentos ltda.<\/td>\n<\/tr>\n<tr>\n<td>helbor empree. s\/a<\/td>\n<td>heusi empree. imobil. ltda.<\/td>\n<td>hochtief do brasil s\/a<\/td>\n<\/tr>\n<tr>\n<td>hospital d\u00aa helena<\/td>\n<td>hyosung brasil ind.e com.de fibras ltda<\/td>\n<td>holz adm. e constr. ltda.<\/td>\n<\/tr>\n<tr>\n<td>H. Santos Empreendimentos<\/td>\n<td>Here Construtora e Incorporadora LTDA ME<\/td>\n<td>Hirt Empreend. Imobil. LTDA.<\/td>\n<\/tr>\n<tr>\n<td>HJ Busnello Const. e Inc. LTDA.<\/td>\n<\/tr>\n<\/tbody>\n<thead>\n<tr>\n<th><a name=\"I\"><\/a><\/th>\n<th>I<\/th>\n<th><a style=\"font-size: 10px; float: right; text-decoration: none;\" href=\"#\">Voltar para o topo<\/a><\/th>\n<\/tr>\n<\/thead>\n<tbody>\n<tr>\n<td>ibiza towers incorporacoes ltda<\/td>\n<td>igesa engenharia ltda.<\/td>\n<td>incorp. cechinel ltda.<\/td>\n<\/tr>\n<tr>\n<td>inga veiculos ltda.<\/td>\n<td>ipe ind. com. pescados ltda.<\/td>\n<td>irtha engenharia s\/a<\/td>\n<\/tr>\n<tr>\n<td>Idyanara Wisniewski<\/td>\n<td>Incorp. Res. Montebelluna Spe LTDA<\/td>\n<td>Irineu Im\u00f3veis<\/td>\n<\/tr>\n<tr>\n<td>Irpar Adm. e Participa\u00e7\u00f5es LTDA.<\/td>\n<\/tr>\n<\/tbody>\n<thead>\n<tr>\n<th><a name=\"J\"><\/a><\/th>\n<th>J<\/th>\n<th><a style=\"font-size: 10px; float: right; text-decoration: none;\" href=\"#\">Voltar para o topo<\/a><\/th>\n<\/tr>\n<\/thead>\n<tbody>\n<tr>\n<td>jgm empreendimentos e participacoes ltda<\/td>\n<td>jo\u00e3o fortes engenharia s\/a<\/td>\n<td>joinville shopping participa\u00e7\u00f5es s\/a<\/td>\n<\/tr>\n<tr>\n<td>J Tedesco Const. e Incorporadora LTDA.<\/td>\n<td>Jardim &amp; Venturine Incorporadora SPE LTDA.<\/td>\n<td>J Dadam Const. e Inc. LTDA.<\/td>\n<\/tr>\n<tr>\n<td>J. C. Bittencourt<\/td>\n<td>Jacobem Adm. de Bens Pr\u00f3prios LTDA.<\/td>\n<td>JVTE Adm. de Bens Eireli<\/td>\n<\/tr>\n<tr>\n<td>JC Adm de Bens Neg. Imob. LTDA.<\/td>\n<td>JLR Incorporadora<\/td>\n<td>JRJ Empree. SPE LTDA.<\/td>\n<\/tr>\n<\/tbody>\n<thead><\/thead>\n<tbody>\n<tr>\n<td>kaefe eng. e empree. imobil. ltda<\/td>\n<td>kajiwara engenharia ltda.<\/td>\n<td>kg motos ltda.<\/td>\n<\/tr>\n<tr>\n<td>klabin celulose &#8211; pr<\/td>\n<td>krona tubos e conexoes do nordeste ltda.<\/td>\n<td>Krauss Emp. Imobili\u00e1rios LTDA.<\/td>\n<\/tr>\n<tr>\n<td>Kada Construtora e Incorporadora Ltda. &#8211; ME<\/td>\n<td>Koentopp Adm. de Bens<\/td>\n<\/tr>\n<\/tbody>\n<thead>\n<tr>\n<th><a name=\"L\"><\/a><\/th>\n<th>L<\/th>\n<th><a style=\"font-size: 10px; float: right; text-decoration: none;\" href=\"#\">Voltar para o topo<\/a><\/th>\n<\/tr>\n<\/thead>\n<tbody>\n<tr>\n<td>lavitta engenharia ltda.<\/td>\n<td>leone constr. incorp. ltda.<\/td>\n<td>lojas coppel ltda.<\/td>\n<\/tr>\n<tr>\n<td>lopez marinho eng. constr. ltda.<\/td>\n<td>louis dreyfus commodites brasil s\/a<\/td>\n<td>Luhrs<\/td>\n<\/tr>\n<tr>\n<td>LS Construtora e Incorporadora LTDA.<\/td>\n<td>Lotisa Home Club Emp. Imob. SPE<\/td>\n<td>LHW Engenharia<\/td>\n<\/tr>\n<tr>\n<td>LS Selent Empr. Imob. LTDA.<\/td>\n<td>Lucas Vicenti (HOTEL BLUMENHOF)<\/td>\n<td>LW3 Empree. Imobil. LTDA.<\/td>\n<\/tr>\n<tr>\n<td>Lucio Const. e Inc. LTDA.<\/td>\n<td>Line Arquitetura<\/td>\n<td>LM Rodrigues &#8211; Monte Bello<\/td>\n<\/tr>\n<tr>\n<td>LW3 Empreendimentos S.A.<\/td>\n<td>Le Pont Emp. SPE LTDA<\/td>\n<td>Leblon Residence Constru\u00e7\u00f5es SPE<\/td>\n<\/tr>\n<\/tbody>\n<thead>\n<tr>\n<th><a name=\"M\"><\/a><\/th>\n<th>M<\/th>\n<th><a style=\"font-size: 10px; float: right; text-decoration: none;\" href=\"#\">Voltar para o topo<\/a><\/th>\n<\/tr>\n<\/thead>\n<tbody>\n<tr>\n<td>m. abuhab<\/td>\n<td>martini meat s\/a armazens gerais<\/td>\n<td>matec engenharia e constru\u00e7\u00f5es ltda.<\/td>\n<\/tr>\n<tr>\n<td>mba engenharia ltda.<\/td>\n<td>melo constr. incorp. ltda<\/td>\n<td>mendes sibara eng. ltda.<\/td>\n<\/tr>\n<tr>\n<td>metodo eng. s\/a<\/td>\n<td>metro linha 2 verde ipiranga &#8211; sp.<\/td>\n<td>mgn ind metalurgica ltda<\/td>\n<\/tr>\n<tr>\n<td>mime distribuidora de petroleo ltda<\/td>\n<td>motores trevo ltda.<\/td>\n<td>mpe montagens e projetos epeciais s\/a<\/td>\n<\/tr>\n<tr>\n<td>mrv engenharia e participacoes s.a<\/td>\n<td>mutual construcoes ltda<\/td>\n<td>Multi Const. e Inc. LTDA.<\/td>\n<\/tr>\n<tr>\n<td>Multitrans<\/td>\n<td>Mendes Sibara &#8211; Illuminato Emp. Imob. SPE LTDA<\/td>\n<td>Marna Pr\u00e9-Fabricados<\/td>\n<\/tr>\n<tr>\n<td>Maybelly Incorporadora LTDA.<\/td>\n<td>MMC Administradora e Incorporadora LTDA.<\/td>\n<td>MMG Constru\u00e7\u00f5es LTDA<\/td>\n<\/tr>\n<tr>\n<td>MR Construtora<\/td>\n<td>MSG Eng. Eireli EPP<\/td>\n<\/tr>\n<\/tbody>\n<thead>\n<tr>\n<th><a name=\"N\"><\/a><\/th>\n<th>N<\/th>\n<th><a style=\"font-size: 10px; float: right; text-decoration: none;\" href=\"#\">Voltar para o topo<\/a><\/th>\n<\/tr>\n<\/thead>\n<tbody>\n<tr>\n<td>n. correia construcoes e incorporacoes ltda<\/td>\n<td>n. e. constr. incorp. ltda.<\/td>\n<td>n. nitz constr. e incorp. ltda.<\/td>\n<\/tr>\n<tr>\n<td>nho quim imoveis ltda.<\/td>\n<td>nova trento empree. imobil. ltda.<\/td>\n<td>Nakazima Engenharia Eireli<\/td>\n<\/tr>\n<tr>\n<td>NB Empreend.<\/td>\n<td>Neobrasilis Emp. Imob. Eireli<\/td>\n<td>Nery Moraes Inc. LTDA.<\/td>\n<\/tr>\n<\/tbody>\n<thead>\n<tr>\n<th><a name=\"O\"><\/a><\/th>\n<th>O<\/th>\n<th><a style=\"font-size: 10px; float: right; text-decoration: none;\" href=\"#\">Voltar para o topo<\/a><\/th>\n<\/tr>\n<\/thead>\n<tbody>\n<tr>\n<td>oikos constru\u00e7\u00f5es ltda.<\/td>\n<td>oms constru\u00e7\u00f5es ltda.<\/td>\n<td>ortena spe ltda. revao &#8211; petrobras &#8211; s\u00e3o jose dos campos &#8211; sp<\/td>\n<\/tr>\n<tr>\n<td>ott constru\u00e7\u00f5es e incorpora\u00e7\u00f5es ltda.<\/td>\n<\/tr>\n<\/tbody>\n<thead>\n<tr>\n<th><a name=\"P\"><\/a><\/th>\n<th>P<\/th>\n<th><a style=\"font-size: 10px; float: right; text-decoration: none;\" href=\"#\">Voltar para o topo<\/a><\/th>\n<\/tr>\n<\/thead>\n<tbody>\n<tr>\n<td>paqueta participa\u00e7\u00f5es ltda.<\/td>\n<td>pavoni constr. incorp. ltda.<\/td>\n<td>pepsico do brasil ltda.<\/td>\n<\/tr>\n<tr>\n<td>perdigao agroindustrial<\/td>\n<td>petrobras &#8211; duque de caxias &#8211; rj<\/td>\n<td>petrobras &#8211; refap &#8211; repar<\/td>\n<\/tr>\n<tr>\n<td>petrobras &#8211; s\u00e3o jos\u00e9 dos campos &#8211; sp<\/td>\n<td>petrobras macae &#8211; rj<\/td>\n<td>petrobras paulinia &#8211; sp<\/td>\n<\/tr>\n<tr>\n<td>petroleo brasileiro s\/a &#8211; petrobr\u00e1s<\/td>\n<td>pilkington group<\/td>\n<td>poly terminais portuarios s\/a<\/td>\n<\/tr>\n<tr>\n<td>porto de itaja\u00ed<\/td>\n<td>porto de navegantes &#8211; sc<\/td>\n<td>portonave s\/a terminais portuarios de navegantes<\/td>\n<\/tr>\n<tr>\n<td>pr\u00e9-fabricar constru\u00e7\u00f5es ltda.<\/td>\n<td>Prime Brasil Construtora<\/td>\n<td>procave fg empree. ltda.<\/td>\n<\/tr>\n<tr>\n<td>procave invest. imobil. ltda.<\/td>\n<td>proenco eng. constr. civil ltda.<\/td>\n<td>Prime Brasil<\/td>\n<\/tr>\n<tr>\n<td>Profor Constru\u00e7\u00f5es e Incopora\u00e7\u00f5es.<\/td>\n<td>PGN Emp. Imob.<\/td>\n<\/tr>\n<\/tbody>\n<thead>\n<tr>\n<th><a name=\"R\"><\/a><\/th>\n<th>R<\/th>\n<th><a style=\"font-size: 10px; float: right; text-decoration: none;\" href=\"#\">Voltar para o topo<\/a><\/th>\n<\/tr>\n<\/thead>\n<tbody>\n<tr>\n<td>r. franco engenharia ltda.<\/td>\n<td>r7 administradora de imoveis ltda<\/td>\n<td>racional engenharia ltda.<\/td>\n<\/tr>\n<tr>\n<td>racitec construtora e incorp. ltda.<\/td>\n<td>RMA<\/td>\n<td>rogga.s\/a construtora e incorporadora<\/td>\n<\/tr>\n<tr>\n<td>rosada &amp; rosada ltda.<\/td>\n<td>rossi residencial s\/a<\/td>\n<td>Rise Construtora<\/td>\n<\/tr>\n<\/tbody>\n<thead>\n<tr>\n<th><a name=\"S\"><\/a><\/th>\n<th>S<\/th>\n<th><a style=\"font-size: 10px; float: right; text-decoration: none;\" href=\"#\">Voltar para o topo<\/a><\/th>\n<\/tr>\n<\/thead>\n<tbody>\n<tr>\n<td>sadia s\/a<\/td>\n<td>santa rita eng. ltda.<\/td>\n<td>sauer constr. incorp. ltda.<\/td>\n<\/tr>\n<tr>\n<td>seara \/ cargil<\/td>\n<td>selent construtora e incorporadora ltda.<\/td>\n<td>serpal engenharia construtora ltda<\/td>\n<\/tr>\n<tr>\n<td>silva packer constr. incorp. ltda.<\/td>\n<td>sindicato da ind. e constr. civil balneario camboriu<\/td>\n<td>sintecsul ind. com. fios<\/td>\n<\/tr>\n<tr>\n<td>skanska brasil ltda<\/td>\n<td>SM Incorpora\u00e7\u00f5es<\/td>\n<td>souza cruz s\/a<\/td>\n<\/tr>\n<tr>\n<td>standard logistica<\/td>\n<td>sulbrasil eng. constr. ltda.<\/td>\n<td>suldovale empreendimentos imobiliarios ltda<\/td>\n<\/tr>\n<tr>\n<td>Seta Engenharia S.A.<\/td>\n<td>Senedese Adm. Bens<\/td>\n<\/tr>\n<\/tbody>\n<thead>\n<tr>\n<th><a name=\"T\"><\/a><\/th>\n<th>T<\/th>\n<th><a style=\"font-size: 10px; float: right; text-decoration: none;\" href=\"#\">Voltar para o topo<\/a><\/th>\n<\/tr>\n<\/thead>\n<tbody>\n<tr>\n<td>tartari e almeida empree. ltda.<\/td>\n<td>teconvi s\/a<\/td>\n<td>teporti<\/td>\n<\/tr>\n<tr>\n<td>term. portuario itajai &#8211; term. containeres<\/td>\n<td>terra\u00e7o planej. constr. ltda.<\/td>\n<td>tha engenharia ltda.<\/td>\n<\/tr>\n<tr>\n<td>tha realty empree. imobil. s\/a<\/td>\n<td>tkk engenharia ltda.<\/td>\n<td>tupy fundi\u00e7\u00f5es<\/td>\n<\/tr>\n<tr>\n<td>twe empree. ltda.<\/td>\n<td>tzt eng. e planejamento ltda.<\/td>\n<td>Todecon Empreendimentos Imobili\u00e1rios LTDA.<\/td>\n<\/tr>\n<tr>\n<td>Teorema Incoporadora LTDA.<\/td>\n<\/tr>\n<\/tbody>\n<thead>\n<tr>\n<th><a name=\"U\"><\/a><\/th>\n<th>U<\/th>\n<th><a style=\"font-size: 10px; float: right; text-decoration: none;\" href=\"#\">Voltar para o topo<\/a><\/th>\n<\/tr>\n<\/thead>\n<tbody>\n<tr>\n<td>unicred litoral<\/td>\n<td>unidavi &#8211; universidade p\/ desenv. alto vale<\/td>\n<td>unimed litoral<\/td>\n<\/tr>\n<tr>\n<td>utc engenharia s\/a<\/td>\n<\/tr>\n<\/tbody>\n<thead>\n<tr>\n<th><a name=\"V\"><\/a><\/th>\n<th>V<\/th>\n<th><a style=\"font-size: 10px; float: right; text-decoration: none;\" href=\"#\">Voltar para o topo<\/a><\/th>\n<\/tr>\n<\/thead>\n<tbody>\n<tr>\n<td>vcp poyry &#8211; tr\u00eas lagoas &#8211; ms<\/td>\n<td>vectra part. empree. ltda<\/td>\n<td>votorantim cimentos brasil s\/a<\/td>\n<\/tr>\n<tr>\n<td>VLS Construtora e Incorporadora LTDA EPP<\/td>\n<\/tr>\n<\/tbody>\n<thead>\n<tr>\n<th><a name=\"W\"><\/a><\/th>\n<th>W<\/th>\n<th><a style=\"font-size: 10px; float: right; text-decoration: none;\" href=\"#\">Voltar para o topo<\/a><\/th>\n<\/tr>\n<\/thead>\n<tbody>\n<tr>\n<td>wal mart &#8211; guarulhos &#8211; sp<\/td>\n<td>wecon empree. constr. ltda.<\/td>\n<td>weg equipamentos eletricos s\/a<\/td>\n<\/tr>\n<tr>\n<td>whb fundicao s\/a<\/td>\n<td>wtorre eng. constr. s\/a<\/td>\n<td>W.P.H. Institui\u00e7\u00e3o de Educa\u00e7\u00e3o Superior<\/td>\n<td><\/td>\n<\/tr>\n<\/tbody>\n<\/table>\n","protected":false},"excerpt":{"rendered":"","protected":false},"author":1,"featured_media":0,"parent":0,"menu_order":0,"comment_status":"open","ping_status":"open","template":"","meta":[],"_links":{"self":[{"href":"https:\/\/www.geotesc.com.br\/site\/wp-json\/wp\/v2\/pages\/891"}],"collection":[{"href":"https:\/\/www.geotesc.com.br\/site\/wp-json\/wp\/v2\/pages"}],"about":[{"href":"https:\/\/www.geotesc.com.br\/site\/wp-json\/wp\/v2\/types\/page"}],"author":[{"embeddable":true,"href":"https:\/\/www.geotesc.com.br\/site\/wp-json\/wp\/v2\/users\/1"}],"replies":[{"embeddable":true,"href":"https:\/\/www.geotesc.com.br\/site\/wp-json\/wp\/v2\/comments?post=891"}],"version-history":[{"count":165,"href":"https:\/\/www.geotesc.com.br\/site\/wp-json\/wp\/v2\/pages\/891\/revisions"}],"predecessor-version":[{"id":5162,"href":"https:\/\/www.geotesc.com.br\/site\/wp-json\/wp\/v2\/pages\/891\/revisions\/5162"}],"wp:attachment":[{"href":"https:\/\/www.geotesc.com.br\/site\/wp-json\/wp\/v2\/media?parent=891"}],"curies":[{"name":"wp","href":"https:\/\/api.w.org\/{rel}","templated":true}]}}