{"id":897,"date":"2011-11-21T17:18:41","date_gmt":"2011-11-21T17:18:41","guid":{"rendered":"http:\/\/geotesc.com.br\/?page_id=897"},"modified":"2024-09-19T14:21:37","modified_gmt":"2024-09-19T14:21:37","slug":"fale-conosco","status":"publish","type":"page","link":"https:\/\/www.geotesc.com.br\/site\/fale-conosco\/","title":{"rendered":"Fale Conosco"},"content":{"rendered":"<h1>Localiza\u00e7\u00e3o:<\/h1>\n<p><iframe src=\"https:\/\/maps.google.com.br\/maps\/ms?msa=0&amp;msid=201633115470249349940.0004c75286bb90347b69d&amp;ie=UTF8&amp;t=m&amp;ll=-26.94472,-48.651581&amp;spn=0.244842,0.596695&amp;z=11&amp;output=embed\" width=\"870\" height=\"400\" frameborder=\"0\" marginwidth=\"0\" marginheight=\"0\" scrolling=\"no\"><\/iframe><br \/>\n<small>Visualizar <a style=\"color: #0000ff; text-align: left;\" href=\"https:\/\/maps.google.com.br\/maps\/ms?msa=0&amp;msid=201633115470249349940.0004c75286bb90347b69d&amp;ie=UTF8&amp;t=m&amp;ll=-26.94472,-48.651581&amp;spn=0.244842,0.596695&amp;z=11&amp;source=embed\"> Geotesc Funda\u00e7\u00f5es<\/a> em um mapa maior<\/small><\/p>\n<div class=\"one_half\">\n<h1>Endere\u00e7o:<\/h1>\n<h2>Matriz<\/h2>\n<p>Rua Rio Mamor\u00e9, n\u00ba 2287 \u2013 Bloco B<br \/>\nBairro: Rio Pequeno \u2013 Cambori\u00fa\/SC<br \/>\nCEP: 88343-412<\/p>\n<p><strong>Fone:<\/strong> (47) 3361-9960<\/p>\n<p><strong>Cel:<\/strong> (47) 9 8498-1223<\/p>\n<p><strong>E-mail:<\/strong> <a href=\"mailto:geotesc@geotesc.com.br\">geotesc@geotesc.com.br<\/a><\/p>\n<h2>Filial<\/h2>\n<p>Rod. BR 101 \u2013 Km 121 \u2013 s\/n\u00ba<br \/>\nBairro: Carvalho \u2013 Itaja\u00ed\/SC<br \/>\nCEP: 88312-501<\/p>\n<p><strong>Fone:<\/strong> (47) 3398-1106<\/p>\n<p><strong> Cel:<\/strong> (47) 9 8498-1450<\/p>\n<p><strong>E-mail:<\/strong> <a href=\"mailto:itajai@geotesc.com.br\">itajai@geotesc.com.br<\/a>\n<\/div>\n<div class=\"one_half last\">\n<h1>Solicite um Or\u00e7amento:<\/h1>\n<div role=\"form\" class=\"wpcf7\" id=\"wpcf7-f1180-o1\" lang=\"en-US\" dir=\"ltr\">\n<div class=\"screen-reader-response\">\n<p role=\"status\" aria-live=\"polite\" aria-atomic=\"true\">\n<ul><\/ul>\n<\/div>\n<form action=\"\/site\/wp-json\/wp\/v2\/pages\/897#wpcf7-f1180-o1\" method=\"post\" class=\"wpcf7-form init\" enctype=\"multipart\/form-data\" novalidate=\"novalidate\" data-status=\"init\">\n<div style=\"display: none;\">\n<input type=\"hidden\" name=\"_wpcf7\" value=\"1180\" \/><br \/>\n<input type=\"hidden\" name=\"_wpcf7_version\" value=\"5.4.1\" \/><br \/>\n<input type=\"hidden\" name=\"_wpcf7_locale\" value=\"en_US\" \/><br \/>\n<input type=\"hidden\" name=\"_wpcf7_unit_tag\" value=\"wpcf7-f1180-o1\" \/><br \/>\n<input type=\"hidden\" name=\"_wpcf7_container_post\" value=\"0\" \/><br \/>\n<input type=\"hidden\" name=\"_wpcf7_posted_data_hash\" value=\"\" \/>\n<\/div>\n<p>Seu nome<br \/>\n    <span class=\"wpcf7-form-control-wrap your-name\"><input type=\"text\" name=\"your-name\" value=\"\" size=\"40\" class=\"wpcf7-form-control wpcf7-text wpcf7-validates-as-required\" aria-required=\"true\" aria-invalid=\"false\" \/><\/span> <\/p>\n<p>Seu telefone<br \/>\n<span class=\"wpcf7-form-control-wrap Telefone\"><input type=\"text\" name=\"Telefone\" value=\"\" size=\"40\" class=\"wpcf7-form-control wpcf7-text\" aria-invalid=\"false\" \/><\/span><\/p>\n<p>Seu e-mail<br \/>\n    <span class=\"wpcf7-form-control-wrap your-email\"><input type=\"email\" name=\"your-email\" value=\"\" size=\"40\" class=\"wpcf7-form-control wpcf7-text wpcf7-email wpcf7-validates-as-required wpcf7-validates-as-email\" aria-required=\"true\" aria-invalid=\"false\" \/><\/span> <\/p>\n<p>Encaminhe seu projeto (Planta de Cargas, Sondagem&#8230;)<br \/>\n<span class=\"wpcf7-form-control-wrap file-263\"><input type=\"file\" name=\"file-263\" size=\"40\" class=\"wpcf7-form-control wpcf7-file\" accept=\".dwg,.dwj,.dxf,.xls,.pdf,.doc,.bmp,.jpeg,.jpg,.gif,.tif,.tiff,.png,.eps,.zip,.rar,.tar,.gz\" aria-invalid=\"false\" \/><\/span><br \/>\n<span class=\"wpcf7-form-control-wrap file-305\"><input type=\"file\" name=\"file-305\" size=\"40\" class=\"wpcf7-form-control wpcf7-file\" accept=\".dwg,.dwj,.dxf,.xls,.pdf,.doc,.bmp,.jpeg,.jpg,.gif,.tif,.tiff,.png,.eps,.zip,.rar,.tar,.gz\" aria-invalid=\"false\" \/><\/span><br \/>\n<span class=\"wpcf7-form-control-wrap file-998\"><input type=\"file\" name=\"file-998\" size=\"40\" class=\"wpcf7-form-control wpcf7-file\" accept=\".dwg,.dwj,.dxf,.xls,.pdf,.doc,.bmp,.jpeg,.jpg,.gif,.tif,.tiff,.png,.eps,.zip,.rar,.tar,.gz\" aria-invalid=\"false\" \/><\/span><br \/>\n<span class=\"wpcf7-form-control-wrap file-312\"><input type=\"file\" name=\"file-312\" size=\"40\" class=\"wpcf7-form-control wpcf7-file\" accept=\".dwg,.dwj,.dxf,.xls,.pdf,.doc,.bmp,.jpeg,.jpg,.gif,.tif,.tiff,.png,.eps,.zip,.rar,.tar,.gz\" aria-invalid=\"false\" \/><\/span><br \/>\n<span class=\"wpcf7-form-control-wrap file-204\"><input type=\"file\" name=\"file-204\" size=\"40\" class=\"wpcf7-form-control wpcf7-file\" accept=\".dwg,.dwj,.dxf,.xls,.pdf,.doc,.bmp,.jpeg,.jpg,.gif,.tif,.tiff,.png,.eps,.zip,.rar,.tar,.gz\" aria-invalid=\"false\" \/><\/span>\n<\/p>\n<p>Assunto<br \/>\n    <span class=\"wpcf7-form-control-wrap your-subject\"><input type=\"text\" name=\"your-subject\" value=\"\" size=\"40\" class=\"wpcf7-form-control wpcf7-text\" aria-invalid=\"false\" \/><\/span> <\/p>\n<p>Sua mensagem<br \/>\n    <span class=\"wpcf7-form-control-wrap your-message\"><textarea name=\"your-message\" cols=\"40\" rows=\"10\" class=\"wpcf7-form-control wpcf7-textarea\" aria-invalid=\"false\"><\/textarea><\/span> <\/p>\n<p>Digite o c\u00f3digo ao lado <input type=\"hidden\" name=\"_wpcf7_captcha_challenge_captcha-39\" value=\"3894161375\" \/><img class=\"wpcf7-form-control wpcf7-captchac wpcf7-captcha-captcha-39\" width=\"72\" height=\"24\" alt=\"captcha\" src=\"https:\/\/www.geotesc.com.br\/site\/wp-content\/uploads\/wpcf7_captcha\/3894161375.png\" \/> <span class=\"wpcf7-form-control-wrap captcha-39\"><input type=\"text\" name=\"captcha-39\" value=\"\" size=\"40\" class=\"wpcf7-form-control wpcf7-captchar\" autocomplete=\"off\" aria-invalid=\"false\" \/><\/span><\/p>\n<p><input type=\"submit\" value=\"Enviar\" class=\"wpcf7-form-control wpcf7-submit\" \/><\/p>\n<div class=\"wpcf7-response-output\" aria-hidden=\"true\"><\/div>\n<\/form>\n<\/div>\n<\/div>\n<br class=\"clear\" \/>\n","protected":false},"excerpt":{"rendered":"<p>Localiza\u00e7\u00e3o: Visualizar Geotesc Funda\u00e7\u00f5es em um mapa maior<\/p>\n","protected":false},"author":1,"featured_media":0,"parent":0,"menu_order":0,"comment_status":"open","ping_status":"open","template":"","meta":[],"_links":{"self":[{"href":"https:\/\/www.geotesc.com.br\/site\/wp-json\/wp\/v2\/pages\/897"}],"collection":[{"href":"https:\/\/www.geotesc.com.br\/site\/wp-json\/wp\/v2\/pages"}],"about":[{"href":"https:\/\/www.geotesc.com.br\/site\/wp-json\/wp\/v2\/types\/page"}],"author":[{"embeddable":true,"href":"https:\/\/www.geotesc.com.br\/site\/wp-json\/wp\/v2\/users\/1"}],"replies":[{"embeddable":true,"href":"https:\/\/www.geotesc.com.br\/site\/wp-json\/wp\/v2\/comments?post=897"}],"version-history":[{"count":60,"href":"https:\/\/www.geotesc.com.br\/site\/wp-json\/wp\/v2\/pages\/897\/revisions"}],"predecessor-version":[{"id":5231,"href":"https:\/\/www.geotesc.com.br\/site\/wp-json\/wp\/v2\/pages\/897\/revisions\/5231"}],"wp:attachment":[{"href":"https:\/\/www.geotesc.com.br\/site\/wp-json\/wp\/v2\/media?parent=897"}],"curies":[{"name":"wp","href":"https:\/\/api.w.org\/{rel}","templated":true}]}}