{"id":923,"date":"2011-11-21T17:54:47","date_gmt":"2011-11-21T17:54:47","guid":{"rendered":"http:\/\/geotesc.com.br\/?page_id=923"},"modified":"2012-02-06T13:38:56","modified_gmt":"2012-02-06T13:38:56","slug":"processo-de-execucao","status":"publish","type":"page","link":"https:\/\/www.geotesc.com.br\/site\/processo-de-execucao\/","title":{"rendered":"Processo de execu\u00e7\u00e3o"},"content":{"rendered":"<p style=\"text-align: justify;\">\n<p style=\"text-align: justify;\"><img loading=\"lazy\" class=\"alignright size-full wp-image-1527\" title=\"Fluxograma Geotesc\" src=\"http:\/\/www.geotesc.com.br\/site\/wp-content\/uploads\/2011\/11\/Fluxograma-Geotesc.jpg\" alt=\"\" width=\"497\" height=\"353\" srcset=\"https:\/\/www.geotesc.com.br\/site\/wp-content\/uploads\/2011\/11\/Fluxograma-Geotesc.jpg 497w, https:\/\/www.geotesc.com.br\/site\/wp-content\/uploads\/2011\/11\/Fluxograma-Geotesc-300x213.jpg 300w, https:\/\/www.geotesc.com.br\/site\/wp-content\/uploads\/2011\/11\/Fluxograma-Geotesc-150x107.jpg 150w\" sizes=\"(max-width: 497px) 100vw, 497px\" \/>Essa opera\u00e7\u00e3o \u00e9 realizada sem retirar o trado do terreno, garantindo a principal\u00a0caracter\u00edstica da estaca h\u00e9lice continua que \u00e9 a de n\u00e3o permitir al\u00edvio\u00a0significativo do terreno &#8211; o que torna poss\u00edvel a sua execu\u00e7\u00e3o tanto em solos\u00a0coesivos como arenosos, na presen\u00e7a \u00a0(ou n\u00e3o) do len\u00e7ol fre\u00e1tico.<\/p>\n<p style=\"text-align: justify;\">Ao atingir a profundidade desejada o concreto \u00e9 injetado pela pr\u00f3pria haste\u00a0simultaneamente \u00e0 retirada do trado para preencher o espa\u00e7o que \u00e9 deixado pela h\u00e9lice\u00a0que extra\u00edda do terreno sem girar.<\/p>\n<p style=\"text-align: justify;\">Todo o processo \u00e9 realizado com monitoramento cont\u00ednuo dotado de microcomputador a cada estaca produzida com registro em software e posterior impress\u00e3o de relat\u00f3rios que contemplam profundidade de perfura\u00e7\u00e3o, press\u00e3o de\u00a0inje\u00e7\u00e3o, vaz\u00e3o e consumo de concreto, torque e velocidade de rota\u00e7\u00e3o da h\u00e9lice e desenho do prov\u00e1vel perfil da estaca.<\/p>\n<p>&nbsp;<\/p>\n<p>&nbsp;<\/p>\n","protected":false},"excerpt":{"rendered":"<p>Essa opera\u00e7\u00e3o \u00e9 realizada sem retirar o trado do terreno, garantindo a principal\u00a0caracter\u00edstica da estaca h\u00e9lice continua que \u00e9 a de n\u00e3o permitir al\u00edvio\u00a0significativo do terreno &#8211; o que torna poss\u00edvel a sua execu\u00e7\u00e3o tanto em solos\u00a0coesivos como arenosos, na presen\u00e7a \u00a0(ou n\u00e3o) do len\u00e7ol fre\u00e1tico. Ao atingir a profundidade desejada o concreto \u00e9 injetado pela pr\u00f3pria haste\u00a0simultaneamente \u00e0 retirada do trado para preencher o espa\u00e7o que \u00e9 deixado pela h\u00e9lice\u00a0que extra\u00edda do terreno sem girar. Todo o processo \u00e9 realizado com monitoramento cont\u00ednuo dotado de microcomputador a cada estaca produzida com registro em software e posterior impress\u00e3o de relat\u00f3rios que contemplam profundidade de perfura\u00e7\u00e3o, press\u00e3o de\u00a0inje\u00e7\u00e3o, vaz\u00e3o e consumo de concreto, torque e velocidade de rota\u00e7\u00e3o da h\u00e9lice e desenho do prov\u00e1vel perfil da estaca. &nbsp; &nbsp;<\/p>\n","protected":false},"author":1,"featured_media":0,"parent":0,"menu_order":0,"comment_status":"open","ping_status":"open","template":"","meta":[],"_links":{"self":[{"href":"https:\/\/www.geotesc.com.br\/site\/wp-json\/wp\/v2\/pages\/923"}],"collection":[{"href":"https:\/\/www.geotesc.com.br\/site\/wp-json\/wp\/v2\/pages"}],"about":[{"href":"https:\/\/www.geotesc.com.br\/site\/wp-json\/wp\/v2\/types\/page"}],"author":[{"embeddable":true,"href":"https:\/\/www.geotesc.com.br\/site\/wp-json\/wp\/v2\/users\/1"}],"replies":[{"embeddable":true,"href":"https:\/\/www.geotesc.com.br\/site\/wp-json\/wp\/v2\/comments?post=923"}],"version-history":[{"count":33,"href":"https:\/\/www.geotesc.com.br\/site\/wp-json\/wp\/v2\/pages\/923\/revisions"}],"predecessor-version":[{"id":925,"href":"https:\/\/www.geotesc.com.br\/site\/wp-json\/wp\/v2\/pages\/923\/revisions\/925"}],"wp:attachment":[{"href":"https:\/\/www.geotesc.com.br\/site\/wp-json\/wp\/v2\/media?parent=923"}],"curies":[{"name":"wp","href":"https:\/\/api.w.org\/{rel}","templated":true}]}}